{"id":244,"date":"2019-02-06T10:30:56","date_gmt":"2019-02-06T09:30:56","guid":{"rendered":"http:\/\/beta.bernwardkoch.de\/?page_id=244"},"modified":"2023-02-14T15:12:06","modified_gmt":"2023-02-14T14:12:06","slug":"noten","status":"publish","type":"page","link":"http:\/\/www.bernwardkoch.de\/en\/noten\/","title":{"rendered":"Notes"},"content":{"rendered":"<div data-elementor-type=\"wp-post\" data-elementor-id=\"244\" class=\"elementor elementor-244\" data-elementor-post-type=\"page\">\n\t\t\t\t\t\t<section class=\"elementor-section elementor-top-section elementor-element elementor-element-7271abf elementor-section-boxed elementor-section-height-default elementor-section-height-default\" data-id=\"7271abf\" data-element_type=\"section\">\n\t\t\t\t\t\t<div class=\"elementor-container elementor-column-gap-default\">\n\t\t\t\t\t<div class=\"aux-parallax-section elementor-column elementor-col-33 elementor-top-column elementor-element elementor-element-2e0afe6\" data-id=\"2e0afe6\" data-element_type=\"column\">\n\t\t\t<div class=\"elementor-widget-wrap elementor-element-populated\">\n\t\t\t\t\t\t<div class=\"elementor-element elementor-element-20659b5 elementor-widget elementor-widget-heading\" data-id=\"20659b5\" data-element_type=\"widget\" data-widget_type=\"heading.default\">\n\t\t\t\t<div class=\"elementor-widget-container\">\n\t\t\t<h2 class=\"elementor-heading-title elementor-size-default\">Notes<\/h2>\t\t<\/div>\n\t\t\t\t<\/div>\n\t\t\t\t<div class=\"elementor-element elementor-element-a1efaeb elementor-widget elementor-widget-text-editor\" data-id=\"a1efaeb\" data-element_type=\"widget\" data-widget_type=\"text-editor.default\">\n\t\t\t\t<div class=\"elementor-widget-container\">\n\t\t\t\t\t\t\t<p>We are pleased to provide you with free sheet music to replay two successful titles!<\/p><p>These notations are simplified arrangements of the original studio recordings, suitable for piano, keyboard and other instruments (eg the melody can be played with flute). In addition, chord symbols are indicated for accompaniment (eg for guitar).<\/p>\t\t\t\t\t\t<\/div>\n\t\t\t\t<\/div>\n\t\t\t\t\t<\/div>\n\t\t<\/div>\n\t\t\t\t<div class=\"aux-parallax-section elementor-column elementor-col-66 elementor-top-column elementor-element elementor-element-65c03f1\" data-id=\"65c03f1\" data-element_type=\"column\">\n\t\t\t<div class=\"elementor-widget-wrap elementor-element-populated\">\n\t\t\t\t\t\t<div class=\"elementor-element elementor-element-21f5b93 elementor-widget elementor-widget-accordion\" data-id=\"21f5b93\" data-element_type=\"widget\" data-widget_type=\"accordion.default\">\n\t\t\t\t<div class=\"elementor-widget-container\">\n\t\t\t\t\t<div class=\"elementor-accordion\">\n\t\t\t\t\t\t\t<div class=\"elementor-accordion-item\">\n\t\t\t\t\t<div id=\"elementor-tab-title-3561\" class=\"elementor-tab-title\" data-tab=\"1\" role=\"button\" aria-controls=\"elementor-tab-content-3561\" aria-expanded=\"false\">\n\t\t\t\t\t\t\t\t\t\t\t\t\t<span class=\"elementor-accordion-icon elementor-accordion-icon-left\" aria-hidden=\"true\">\n\t\t\t\t\t\t\t\t\t\t\t\t\t\t\t<span class=\"elementor-accordion-icon-closed\"><i class=\"fas fa-plus\"><\/i><\/span>\n\t\t\t\t\t\t\t\t<span class=\"elementor-accordion-icon-opened\"><i class=\"fas fa-minus\"><\/i><\/span>\n\t\t\t\t\t\t\t\t\t\t\t\t\t\t<\/span>\n\t\t\t\t\t\t\t\t\t\t\t\t<a class=\"elementor-accordion-title\" tabindex=\"0\">Walking through Clouds<\/a>\n\t\t\t\t\t<\/div>\n\t\t\t\t\t<div id=\"elementor-tab-content-3561\" class=\"elementor-tab-content elementor-clearfix\" data-tab=\"1\" role=\"region\" aria-labelledby=\"elementor-tab-title-3561\"><p>Album: WALKING THROUGH CLOUDS (Real Music, USA) <br \/>(also on compilations like \"iRelax - for Lovers\", \"Finding Balance\" by Real Music) ...<\/p><p>Here you can listen to the music and buy it:<br \/><a href=\"https:\/\/song.link\/s\/3G2LYougELByeeDz5Jk8ZZ\">https:\/\/song.link\/s\/3G2LYougELByeeDz5Jk8ZZ<\/a><\/p><p><span style=\"color: var( --e-global-color-text );\">Here is the free download:<\/span><\/p><p><a href=\"https:\/\/www.bernwardkoch.de\/wp-content\/uploads\/2019\/02\/Walking_through_Clouds_pianosheetmusic_chords_Bernward_Koch.pdf\">Walking through Clouds<\/a><\/p><\/div>\n\t\t\t\t<\/div>\n\t\t\t\t\t\t\t<div class=\"elementor-accordion-item\">\n\t\t\t\t\t<div id=\"elementor-tab-title-3562\" class=\"elementor-tab-title\" data-tab=\"2\" role=\"button\" aria-controls=\"elementor-tab-content-3562\" aria-expanded=\"false\">\n\t\t\t\t\t\t\t\t\t\t\t\t\t<span class=\"elementor-accordion-icon elementor-accordion-icon-left\" aria-hidden=\"true\">\n\t\t\t\t\t\t\t\t\t\t\t\t\t\t\t<span class=\"elementor-accordion-icon-closed\"><i class=\"fas fa-plus\"><\/i><\/span>\n\t\t\t\t\t\t\t\t<span class=\"elementor-accordion-icon-opened\"><i class=\"fas fa-minus\"><\/i><\/span>\n\t\t\t\t\t\t\t\t\t\t\t\t\t\t<\/span>\n\t\t\t\t\t\t\t\t\t\t\t\t<a class=\"elementor-accordion-title\" tabindex=\"0\">Wonderful Glider<\/a>\n\t\t\t\t\t<\/div>\n\t\t\t\t\t<div id=\"elementor-tab-content-3562\" class=\"elementor-tab-content elementor-clearfix\" data-tab=\"2\" role=\"region\" aria-labelledby=\"elementor-tab-title-3562\"><p>Album: STILL MAGIC (BSC-Music) <br \/>(also on compilations like \"Piano Dreamers\" (Real Music), \"Wellness\" (BSC-Music) ...<\/p><p>Here you can listen to the music and buy it:<br \/><a href=\"https:\/\/song.link\/s\/3jhAKqLBXkUFzFIvU5GHoK\">https:\/\/song.link\/s\/3jhAKqLBXkUFzFIvU5GHoK<br \/><\/a><\/p><p>Here is the free download:<\/p><p><a href=\"https:\/\/www.bernwardkoch.de\/wp-content\/uploads\/2019\/02\/Wonderful_Glider_pianosheetmusic_chords_Bernward_Koch.pdf\">Wonderful Glider<\/a><\/p><\/div>\n\t\t\t\t<\/div>\n\t\t\t\t\t\t\t\t<\/div>\n\t\t\t\t<\/div>\n\t\t\t\t<\/div>\n\t\t\t\t\t<\/div>\n\t\t<\/div>\n\t\t\t\t\t<\/div>\n\t\t<\/section>\n\t\t\t\t<\/div>","protected":false},"excerpt":{"rendered":"<p>Noten Wir freuen uns, Ihnen kostenlose Noten zum Nachspielen zweier erfolgreicher Titel zur Verf\u00fcgung stellen zu k\u00f6nnen! Diese Notationen sind vereinfachte Arrangements der original Studio-Aufnahmen, geeignet f\u00fcr Klavier, Keyboard und weitere Instrumente (z. B. kann die Melodie mit Fl\u00f6te gespielt werden). Zus\u00e4tzlich sind Akkordsymbole zur Begleitung (z. B. f\u00fcr Gitarre) angegeben. Walking through Clouds Album: [&hellip;]<\/p>","protected":false},"author":1,"featured_media":0,"parent":0,"menu_order":0,"comment_status":"closed","ping_status":"closed","template":"","meta":{"footnotes":""},"aioseo_notices":[],"_links":{"self":[{"href":"http:\/\/www.bernwardkoch.de\/en\/wp-json\/wp\/v2\/pages\/244"}],"collection":[{"href":"http:\/\/www.bernwardkoch.de\/en\/wp-json\/wp\/v2\/pages"}],"about":[{"href":"http:\/\/www.bernwardkoch.de\/en\/wp-json\/wp\/v2\/types\/page"}],"author":[{"embeddable":true,"href":"http:\/\/www.bernwardkoch.de\/en\/wp-json\/wp\/v2\/users\/1"}],"replies":[{"embeddable":true,"href":"http:\/\/www.bernwardkoch.de\/en\/wp-json\/wp\/v2\/comments?post=244"}],"version-history":[{"count":5,"href":"http:\/\/www.bernwardkoch.de\/en\/wp-json\/wp\/v2\/pages\/244\/revisions"}],"predecessor-version":[{"id":597,"href":"http:\/\/www.bernwardkoch.de\/en\/wp-json\/wp\/v2\/pages\/244\/revisions\/597"}],"wp:attachment":[{"href":"http:\/\/www.bernwardkoch.de\/en\/wp-json\/wp\/v2\/media?parent=244"}],"curies":[{"name":"wp","href":"https:\/\/api.w.org\/{rel}","templated":true}]}}