{"id":59,"date":"2018-11-09T19:33:34","date_gmt":"2018-11-09T18:33:34","guid":{"rendered":"http:\/\/beta.bernwardkoch.de\/index.php\/about-us\/"},"modified":"2022-05-17T10:11:10","modified_gmt":"2022-05-17T08:11:10","slug":"about-us","status":"publish","type":"page","link":"http:\/\/www.bernwardkoch.de\/en\/about-us\/","title":{"rendered":"Bernward Koch"},"content":{"rendered":"<div data-elementor-type=\"wp-post\" data-elementor-id=\"59\" class=\"elementor elementor-59 elementor-bc-flex-widget\" data-elementor-post-type=\"page\">\n\t\t\t\t\t\t<section class=\"elementor-section elementor-top-section elementor-element elementor-element-debae55 elementor-section-boxed elementor-section-height-default elementor-section-height-default\" data-id=\"debae55\" data-element_type=\"section\">\n\t\t\t\t\t\t<div class=\"elementor-container elementor-column-gap-default\">\n\t\t\t\t\t<div class=\"aux-parallax-section elementor-column elementor-col-50 elementor-top-column elementor-element elementor-element-fd5166d\" data-id=\"fd5166d\" data-element_type=\"column\">\n\t\t\t<div class=\"elementor-widget-wrap elementor-element-populated\">\n\t\t\t\t\t\t<div class=\"elementor-element elementor-element-1ba938f elementor-widget elementor-widget-aux_image\" data-id=\"1ba938f\" data-element_type=\"widget\" data-widget_type=\"aux_image.default\">\n\t\t\t\t<div class=\"elementor-widget-container\">\n\t\t\t<section class=\"widget-container aux-widget-image aux-alignnone aux-parent-au7b86557b\">\n    <div class=\"aux-media-hint-frame\">\n        <div class=\"aux-media-image\" >\n        \n            \n\n            \n            <img fetchpriority=\"high\" decoding=\"async\" width=\"1388\" height=\"200\" src=\"http:\/\/www.bernwardkoch.de\/wp-content\/uploads\/2018\/12\/bernwardkoch-181129-0117-2-1388x200.jpg\" class=\"aux-attachment aux-featured-image aux-attachment-id-158\" alt=\"bernwardkoch-181129-0117\" srcset=\"http:\/\/www.bernwardkoch.de\/wp-content\/uploads\/2018\/12\/bernwardkoch-181129-0117-2-150x22.jpg 150w,http:\/\/www.bernwardkoch.de\/wp-content\/uploads\/2018\/12\/bernwardkoch-181129-0117-2-300x43.jpg 300w,http:\/\/www.bernwardkoch.de\/wp-content\/uploads\/2018\/12\/bernwardkoch-181129-0117-2-768x111.jpg 768w,http:\/\/www.bernwardkoch.de\/wp-content\/uploads\/2018\/12\/bernwardkoch-181129-0117-2-1024x148.jpg 1024w,http:\/\/www.bernwardkoch.de\/wp-content\/uploads\/2018\/12\/bernwardkoch-181129-0117-2-1388x200.jpg 1388w\" data-ratio=\"6.94\" data-original-w=\"1600\" sizes=\"(max-width:479px) 480px,(max-width:767px) 768px,(max-width:1023px) 1024px,1388px\" \/>            \n                <\/div>\n    <\/div>\n\n<\/section><!-- widget-container -->\t\t<\/div>\n\t\t\t\t<\/div>\n\t\t\t\t\t<\/div>\n\t\t<\/div>\n\t\t\t\t<div class=\"aux-parallax-section elementor-column elementor-col-50 elementor-top-column elementor-element elementor-element-946b796\" data-id=\"946b796\" data-element_type=\"column\" data-settings=\"{&quot;background_background&quot;:&quot;classic&quot;}\">\n\t\t\t<div class=\"elementor-widget-wrap elementor-element-populated\">\n\t\t\t\t\t\t<div class=\"elementor-element elementor-element-52f3808 elementor-widget elementor-widget-aux_modern_heading\" data-id=\"52f3808\" data-element_type=\"widget\" data-widget_type=\"aux_modern_heading.default\">\n\t\t\t\t<div class=\"elementor-widget-container\">\n\t\t\t<section class=\"aux-widget-modern-heading\">\n            <div class=\"aux-widget-inner\"><div class=\"aux-modern-heading-divider\"><\/div><h2 class=\"aux-modern-heading-primary\">Biography<\/h2><\/div>\n        <\/section>\t\t<\/div>\n\t\t\t\t<\/div>\n\t\t\t\t\t<\/div>\n\t\t<\/div>\n\t\t\t\t\t<\/div>\n\t\t<\/section>\n\t\t\t\t<section class=\"elementor-section elementor-top-section elementor-element elementor-element-dd941c9 elementor-section-boxed elementor-section-height-default elementor-section-height-default\" data-id=\"dd941c9\" data-element_type=\"section\">\n\t\t\t\t\t\t<div class=\"elementor-container elementor-column-gap-default\">\n\t\t\t\t\t<div class=\"aux-parallax-section elementor-column elementor-col-50 elementor-top-column elementor-element elementor-element-4465637\" data-id=\"4465637\" data-element_type=\"column\">\n\t\t\t<div class=\"elementor-widget-wrap elementor-element-populated\">\n\t\t\t\t\t\t<div class=\"elementor-element elementor-element-cf84974 elementor-widget elementor-widget-aux_modern_heading\" data-id=\"cf84974\" data-element_type=\"widget\" data-widget_type=\"aux_modern_heading.default\">\n\t\t\t\t<div class=\"elementor-widget-container\">\n\t\t\t<section class=\"aux-widget-modern-heading\">\n            <div class=\"aux-widget-inner\"><h2 class=\"aux-modern-heading-primary\"><\/h2><div class=\"aux-modern-heading-divider\"><\/div><div class=\"aux-modern-heading-description\"><p>Bernward Koch was born in January 1957 in Siegen\/Westfalen, Germany. When he was 12 years, he started playing French Horn in the musical brass band of his village in Wenden, but just a little bit later he changed to the trumpet \u201cto be able to play more melodies\u201d. Two years after he starts to be engaged in bass, guitar and drums. During that time he was playing in a beat-band. When he was 15 his father Hubert Koch, an known accordeon player, donated him a piano and he got his first classic piano lessons, but starts right now with improvisations and compositions, too.\n\nHis enthusiasm for music grew, especially for Jazz, Rock, Pop and Folk but also for classical music. In his early 20s he started studying at the music-university in cologne, meanwhile he took part (mostly together with his younger brother Christoph) on several music seminars include at the University of Bremen, teaching at Prof. Sigi Busch. In the meantime he played keyboards, drums and percussion in different Jazz-Rock Bands. In 1990 for example an adventurous tournee led him and his Band The Brothers to Moscow.<\/p><\/div><\/div>\n        <\/section>\t\t<\/div>\n\t\t\t\t<\/div>\n\t\t\t\t\t<\/div>\n\t\t<\/div>\n\t\t\t\t<div class=\"aux-parallax-section elementor-column elementor-col-50 elementor-top-column elementor-element elementor-element-e8e28cb\" data-id=\"e8e28cb\" data-element_type=\"column\">\n\t\t\t<div class=\"elementor-widget-wrap elementor-element-populated\">\n\t\t\t\t\t\t<div class=\"elementor-element elementor-element-00972da elementor-widget elementor-widget-image\" data-id=\"00972da\" data-element_type=\"widget\" data-widget_type=\"image.default\">\n\t\t\t\t<div class=\"elementor-widget-container\">\n\t\t\t\t\t\t\t\t\t\t\t\t\t<img decoding=\"async\" width=\"1024\" height=\"694\" src=\"http:\/\/www.bernwardkoch.de\/wp-content\/uploads\/2019\/02\/BK-Stuhl-pm-2-1024x694.jpg\" class=\"attachment-large size-large wp-image-223\" alt=\"\" srcset=\"http:\/\/www.bernwardkoch.de\/wp-content\/uploads\/2019\/02\/BK-Stuhl-pm-2-1024x694.jpg 1024w, http:\/\/www.bernwardkoch.de\/wp-content\/uploads\/2019\/02\/BK-Stuhl-pm-2-300x203.jpg 300w, http:\/\/www.bernwardkoch.de\/wp-content\/uploads\/2019\/02\/BK-Stuhl-pm-2-768x521.jpg 768w, http:\/\/www.bernwardkoch.de\/wp-content\/uploads\/2019\/02\/BK-Stuhl-pm-2.jpg 1733w\" sizes=\"(max-width: 1024px) 100vw, 1024px\" \/>\t\t\t\t\t\t\t\t\t\t\t\t\t<\/div>\n\t\t\t\t<\/div>\n\t\t\t\t\t<\/div>\n\t\t<\/div>\n\t\t\t\t\t<\/div>\n\t\t<\/section>\n\t\t\t\t<section class=\"elementor-section elementor-top-section elementor-element elementor-element-6bc808b elementor-reverse-tablet elementor-reverse-mobile elementor-section-boxed elementor-section-height-default elementor-section-height-default\" data-id=\"6bc808b\" data-element_type=\"section\">\n\t\t\t\t\t\t<div class=\"elementor-container elementor-column-gap-default\">\n\t\t\t\t\t<div class=\"aux-parallax-section elementor-column elementor-col-50 elementor-top-column elementor-element elementor-element-4de8c63\" data-id=\"4de8c63\" data-element_type=\"column\" data-settings=\"{&quot;background_background&quot;:&quot;classic&quot;}\">\n\t\t\t<div class=\"elementor-widget-wrap elementor-element-populated\">\n\t\t\t\t\t\t<div class=\"elementor-element elementor-element-408a105 elementor-widget elementor-widget-aux_image\" data-id=\"408a105\" data-element_type=\"widget\" data-widget_type=\"aux_image.default\">\n\t\t\t\t<div class=\"elementor-widget-container\">\n\t\t\t<section class=\"widget-container aux-widget-image aux-alignnone aux-parent-au6d2fceef\">\n    <div class=\"aux-media-hint-frame\">\n        <div class=\"aux-media-image\" >\n        \n            \n\n            \n            <img decoding=\"async\" width=\"1032\" height=\"842\" src=\"http:\/\/www.bernwardkoch.de\/wp-content\/uploads\/2018\/11\/bernwardkoch-161111-0063-1032x842.jpg\" class=\"aux-attachment aux-featured-image aux-attachment-id-79\" alt=\"bernwardkoch-161111-0063\" srcset=\"http:\/\/www.bernwardkoch.de\/wp-content\/uploads\/2018\/11\/bernwardkoch-161111-0063-150x122.jpg 150w,http:\/\/www.bernwardkoch.de\/wp-content\/uploads\/2018\/11\/bernwardkoch-161111-0063-300x245.jpg 300w,http:\/\/www.bernwardkoch.de\/wp-content\/uploads\/2018\/11\/bernwardkoch-161111-0063-768x627.jpg 768w,http:\/\/www.bernwardkoch.de\/wp-content\/uploads\/2018\/11\/bernwardkoch-161111-0063-1024x835.jpg 1024w,http:\/\/www.bernwardkoch.de\/wp-content\/uploads\/2018\/11\/bernwardkoch-161111-0063-1032x842.jpg 1032w\" data-ratio=\"1.23\" data-original-w=\"5616\" sizes=\"(max-width:479px) 480px,(max-width:767px) 768px,(max-width:1023px) 1024px,1032px\" \/>            \n                <\/div>\n    <\/div>\n\n<\/section><!-- widget-container -->\t\t<\/div>\n\t\t\t\t<\/div>\n\t\t\t\t\t<\/div>\n\t\t<\/div>\n\t\t\t\t<div class=\"aux-parallax-section elementor-column elementor-col-50 elementor-top-column elementor-element elementor-element-d8ab694\" data-id=\"d8ab694\" data-element_type=\"column\">\n\t\t\t<div class=\"elementor-widget-wrap elementor-element-populated\">\n\t\t\t\t\t\t<div class=\"elementor-element elementor-element-a9d5247 elementor-widget elementor-widget-text-editor\" data-id=\"a9d5247\" data-element_type=\"widget\" data-widget_type=\"text-editor.default\">\n\t\t\t\t<div class=\"elementor-widget-container\">\n\t\t\t\t\t\t\t<p>Besides Bernward Koch created piano-based instrumental-compositions, enriched with keyboards, flute, guitar and percussion, with a relaxing, metaphorical character and his discernible tuneful signature, always with a strong melody. In 1989 he signed his first recording contract by the Erdenklang Label in Hamburg for a solo project under his own name.\nWith his debut album \"FLOWING\" Bernward Koch had a successful debut in the USA in 1990, when he received a strong airplay especially from the major California radio stations THE WAVE in Los Angeles and KKSF in San Francisco and popularized the music of the still unknown German pianist.\n\nKoch`s fame began to ascend when his song \u201cEver returning\u201d was chosen for two Aids-benefit-compilations, by chairman Elisabeth Taylor, initiated by the radio stations KKSF  and THE WAVE. He contributed his track besides artists like  Bonnie Raitt (Nick of time), Al Jarreau (One way), Sting (Fragile), Lauren Wood (Fallen, from the motion picture Pretty Woman), Dave Grusin\/Lee Ritenouer (Early a.m. attitude), Eurhythmics Dave A. Stewart + Candy Dulfer (Lily was here), Bob James\/David Sanborn (Maputo), Ottmar Liebert (Heart still beating) and Yanni (Once upon a time).\nIn 1992 an important step in his career followed. His record \u201cLAGUNA DE LA VERA\u201d stayed high in the american Billboard New Age charts for a couple of months. Simultaneously it became one of the most highly acclaimed instrumental records of the year in various other countries.<\/p>\t\t\t\t\t\t<\/div>\n\t\t\t\t<\/div>\n\t\t\t\t\t<\/div>\n\t\t<\/div>\n\t\t\t\t\t<\/div>\n\t\t<\/section>\n\t\t\t\t<section class=\"elementor-section elementor-top-section elementor-element elementor-element-3eff087 elementor-section-boxed elementor-section-height-default elementor-section-height-default\" data-id=\"3eff087\" data-element_type=\"section\">\n\t\t\t\t\t\t<div class=\"elementor-container elementor-column-gap-default\">\n\t\t\t\t\t<div class=\"aux-parallax-section elementor-column elementor-col-50 elementor-top-column elementor-element elementor-element-d3078ff\" data-id=\"d3078ff\" data-element_type=\"column\">\n\t\t\t<div class=\"elementor-widget-wrap elementor-element-populated\">\n\t\t\t\t\t\t<div class=\"elementor-element elementor-element-be7c488 elementor-widget elementor-widget-aux_modern_heading\" data-id=\"be7c488\" data-element_type=\"widget\" data-widget_type=\"aux_modern_heading.default\">\n\t\t\t\t<div class=\"elementor-widget-container\">\n\t\t\t<section class=\"aux-widget-modern-heading\">\n            <div class=\"aux-widget-inner\"><h2 class=\"aux-modern-heading-primary\"><\/h2><div class=\"aux-modern-heading-divider\"><\/div><div class=\"aux-modern-heading-description\"><p>His 1995 published album \u201cSTILL MAGIC\u201d was moving upwards as well in the USA as in Europe. UNITED AIRLINES, JAPAN AIRLINES, Deutsche LUFTHANSA, KOREAN AIRLINES, SINGAPORE AIRLINES, AIR CHINA and many more airlines uses his \"music against fear of flying\" during the flights all around the world.\nThe album \u201cPICANTE\u201d came out in 1997 performed by Bernward Koch featuring Pablo (previously called  The Brothers). This vivacious CD - a mixture of Latin, Jazz and Funk - documents the brilliant concert acting of the musicians.\n\nIn 1997 the US-record company Real Music (from Sausalito near San Francisco) re-released Koch\u2019s first album \u201cFLOWING\u201d. This record with a new blue cover artwork was very successful again and reach the Billboard New Age charts top ten.\n\n\n\n\n\nIn the summer of 1999 his production \u201cJOURNEY TO THE HEART\u201d was worldwide published by the california-based label. Each song demonstrates Bernward Kochs faculty for melody and harmony, so this record became a heavy airplay in Asia too. \n\n\u201cWALKING THROUGH CLOUDS\u201d was the next successful record under the Real Music label, a timeless album, with 16 tracks and one hour very suitable for meditation, calming, yoga... The track \"Touched by Love\" from that album appears on a compilation in Belgium\/Luxembourg by the Universal Music Group together with Tony Bennett, Ennio Morricone and Lang Lang. Today espacially that album is very popular at Radio Pandora.\n\nIn 2008 a new album of Bernward Koch was released. This live piano solo record be called \u201cMONTAGNOLA\u201d and is dedicated to the writer Hermann Hesse. It won the \u201cPiano-Heaven\u201d award in England and became the \u201cAudio highlight of the month\u201d of the German STEREO journal in September 2009.\n\nThen he released a few further records, all under the Real Music label: GENTLE SPIRIT, SILENT STAR, DAY OF LIFE, REMEMBERING, TOUCHED BY LOVE - A COLLECTION (Best of..), and the current album FILLED WITH LIGHT. Bernward composed as always all tracks and plays the most instruments (piano, keyboards, guitar and bass), enriched with flute and percussion. \n\nThe Weber State University in Ogden, Utah, discovered and tested his music in their research center. it has been certified as \"Anti Stress\" and recommended accordingly.<\/p><\/div><\/div>\n        <\/section>\t\t<\/div>\n\t\t\t\t<\/div>\n\t\t\t\t\t<\/div>\n\t\t<\/div>\n\t\t\t\t<div class=\"aux-parallax-section elementor-column elementor-col-50 elementor-top-column elementor-element elementor-element-fa4ed98\" data-id=\"fa4ed98\" data-element_type=\"column\">\n\t\t\t<div class=\"elementor-widget-wrap elementor-element-populated\">\n\t\t\t\t\t\t<div class=\"elementor-element elementor-element-06e8fc9 elementor-widget elementor-widget-image\" data-id=\"06e8fc9\" data-element_type=\"widget\" data-widget_type=\"image.default\">\n\t\t\t\t<div class=\"elementor-widget-container\">\n\t\t\t\t\t\t\t\t\t\t\t\t\t<img loading=\"lazy\" decoding=\"async\" width=\"498\" height=\"768\" src=\"http:\/\/www.bernwardkoch.de\/wp-content\/uploads\/2019\/02\/BK-Santana038-498x768.jpg\" class=\"attachment-medium_large size-medium_large wp-image-222\" alt=\"\" srcset=\"http:\/\/www.bernwardkoch.de\/wp-content\/uploads\/2019\/02\/BK-Santana038-498x768.jpg 498w, http:\/\/www.bernwardkoch.de\/wp-content\/uploads\/2019\/02\/BK-Santana038-195x300.jpg 195w, http:\/\/www.bernwardkoch.de\/wp-content\/uploads\/2019\/02\/BK-Santana038-664x1024.jpg 664w, http:\/\/www.bernwardkoch.de\/wp-content\/uploads\/2019\/02\/BK-Santana038.jpg 1140w\" sizes=\"(max-width: 498px) 100vw, 498px\" \/>\t\t\t\t\t\t\t\t\t\t\t\t\t<\/div>\n\t\t\t\t<\/div>\n\t\t\t\t\t<\/div>\n\t\t<\/div>\n\t\t\t\t\t<\/div>\n\t\t<\/section>\n\t\t\t\t<section class=\"elementor-section elementor-top-section elementor-element elementor-element-7193cc9 elementor-section-boxed elementor-section-height-default elementor-section-height-default\" data-id=\"7193cc9\" data-element_type=\"section\">\n\t\t\t\t\t\t<div class=\"elementor-container elementor-column-gap-default\">\n\t\t\t\t\t<div class=\"aux-parallax-section elementor-column elementor-col-100 elementor-top-column elementor-element elementor-element-f85153d\" data-id=\"f85153d\" data-element_type=\"column\">\n\t\t\t<div class=\"elementor-widget-wrap elementor-element-populated\">\n\t\t\t\t\t\t<div class=\"elementor-element elementor-element-13a0021 elementor-widget elementor-widget-text-editor\" data-id=\"13a0021\" data-element_type=\"widget\" data-widget_type=\"text-editor.default\">\n\t\t\t\t<div class=\"elementor-widget-container\">\n\t\t\t\t\t\t\t<p>The US organization \"Massachusetts Fallen Soldiers\" uses his music to heal suicide-prone soldiers who have come back from crisis areas in different places in the world and often suffer from post-traumatic stress disorder (PTSD).<\/p>\t\t\t\t\t\t<\/div>\n\t\t\t\t<\/div>\n\t\t\t\t\t<\/div>\n\t\t<\/div>\n\t\t\t\t\t<\/div>\n\t\t<\/section>\n\t\t\t\t<section class=\"elementor-section elementor-top-section elementor-element elementor-element-0a2232d elementor-reverse-tablet elementor-reverse-mobile elementor-section-boxed elementor-section-height-default elementor-section-height-default\" data-id=\"0a2232d\" data-element_type=\"section\">\n\t\t\t\t\t\t<div class=\"elementor-container elementor-column-gap-default\">\n\t\t\t\t\t<div class=\"aux-parallax-section elementor-column elementor-col-50 elementor-top-column elementor-element elementor-element-083290d\" data-id=\"083290d\" data-element_type=\"column\" data-settings=\"{&quot;background_background&quot;:&quot;classic&quot;}\">\n\t\t\t<div class=\"elementor-widget-wrap elementor-element-populated\">\n\t\t\t\t\t\t<div class=\"elementor-element elementor-element-6483c61 elementor-widget elementor-widget-aux_image\" data-id=\"6483c61\" data-element_type=\"widget\" data-widget_type=\"aux_image.default\">\n\t\t\t\t<div class=\"elementor-widget-container\">\n\t\t\t<section class=\"widget-container aux-widget-image aux-alignnone aux-parent-au680fb966\">\n    <div class=\"aux-media-hint-frame\">\n        <div class=\"aux-media-image\" >\n        \n            \n\n            \n            <img loading=\"lazy\" decoding=\"async\" width=\"1032\" height=\"842\" src=\"http:\/\/www.bernwardkoch.de\/wp-content\/uploads\/2019\/02\/Foto-15.09.17-01-33-11-b4--1032x842.jpg\" class=\"aux-attachment aux-featured-image aux-attachment-id-219\" alt=\"_ Foto 15.09.17, 01 33 11 b4 !\" srcset=\"http:\/\/www.bernwardkoch.de\/wp-content\/uploads\/2019\/02\/Foto-15.09.17-01-33-11-b4--150x122.jpg 150w,http:\/\/www.bernwardkoch.de\/wp-content\/uploads\/2019\/02\/Foto-15.09.17-01-33-11-b4--300x245.jpg 300w,http:\/\/www.bernwardkoch.de\/wp-content\/uploads\/2019\/02\/Foto-15.09.17-01-33-11-b4--768x627.jpg 768w,http:\/\/www.bernwardkoch.de\/wp-content\/uploads\/2019\/02\/Foto-15.09.17-01-33-11-b4--1024x835.jpg 1024w,http:\/\/www.bernwardkoch.de\/wp-content\/uploads\/2019\/02\/Foto-15.09.17-01-33-11-b4--1032x842.jpg 1032w\" data-ratio=\"1.23\" data-original-w=\"1297\" sizes=\"(max-width:479px) 480px,(max-width:767px) 768px,(max-width:1023px) 1024px,1032px\" \/>            \n                <\/div>\n    <\/div>\n\n<\/section><!-- widget-container -->\t\t<\/div>\n\t\t\t\t<\/div>\n\t\t\t\t\t<\/div>\n\t\t<\/div>\n\t\t\t\t<div class=\"aux-parallax-section elementor-column elementor-col-50 elementor-top-column elementor-element elementor-element-cb6efa1\" data-id=\"cb6efa1\" data-element_type=\"column\">\n\t\t\t<div class=\"elementor-widget-wrap elementor-element-populated\">\n\t\t\t\t\t\t<div class=\"elementor-element elementor-element-72c913e elementor-widget elementor-widget-text-editor\" data-id=\"72c913e\" data-element_type=\"widget\" data-widget_type=\"text-editor.default\">\n\t\t\t\t<div class=\"elementor-widget-container\">\n\t\t\t\t\t\t\t<p>Also you hear his music in movies, e.g. in SHANIKO, the title of an award-winning motion picture of 2008 with Melissa Goad. His composition \u201cChildhood Hour\u201d from the WALKING THROUGH CLOUDS record is sounding. Shaniko is concurrent the name of a ghost town in Oregon where the movie was shooting.\n\nNobody, who knows Koch`s music, will be surprised by his success: the artist composes pieces of outstanding formal maturity with an astonishing musical finesse. For Bernward Koch himself music means telling stories.<\/p><p>His piano-based arrangements are always marked by a tasteful balance of natural and synthetic sounds. The exqusite flute playing of melodies performed by his wife Christiane B\u00f6hm has over the years become a trademark feature in his sound which is enriched with the organic pulse of a percussionist and guitar player, Bernward`s brother Christoph.<\/p><p>\"Bernward Koch's music unfolds a soothing and seductive charm\", say the press. And he says: Music gives wings to a brighter life.<\/p>\t\t\t\t\t\t<\/div>\n\t\t\t\t<\/div>\n\t\t\t\t\t<\/div>\n\t\t<\/div>\n\t\t\t\t\t<\/div>\n\t\t<\/section>\n\t\t\t\t<section class=\"elementor-section elementor-top-section elementor-element elementor-element-3c0b642 elementor-section-boxed elementor-section-height-default elementor-section-height-default\" data-id=\"3c0b642\" data-element_type=\"section\" data-settings=\"{&quot;background_background&quot;:&quot;classic&quot;}\">\n\t\t\t\t\t\t\t<div class=\"elementor-background-overlay\"><\/div>\n\t\t\t\t\t\t\t<div class=\"elementor-container elementor-column-gap-default\">\n\t\t\t\t\t<div class=\"aux-parallax-section elementor-column elementor-col-100 elementor-top-column elementor-element elementor-element-a4405d0\" data-id=\"a4405d0\" data-element_type=\"column\">\n\t\t\t<div class=\"elementor-widget-wrap elementor-element-populated\">\n\t\t\t\t\t\t<div class=\"elementor-element elementor-element-592e706 elementor-widget elementor-widget-testimonial\" data-id=\"592e706\" data-element_type=\"widget\" data-widget_type=\"testimonial.default\">\n\t\t\t\t<div class=\"elementor-widget-container\">\n\t\t\t\t\t<div class=\"elementor-testimonial-wrapper\">\n\t\t\t\t\t\t\t<div class=\"elementor-testimonial-content\">Filled with light is both uplifting and delicate, opening up a musical dialogue between us and nature.<\/div>\n\t\t\t\n\t\t\t\t\t\t<div class=\"elementor-testimonial-meta\">\n\t\t\t\t<div class=\"elementor-testimonial-meta-inner\">\n\t\t\t\t\t\n\t\t\t\t\t\t\t\t\t\t<div class=\"elementor-testimonial-details\">\n\t\t\t\t\t\t\t\t\t\t\t\t\t\t<div class=\"elementor-testimonial-name\">Michael Foster<\/div>\n\t\t\t\t\t\t\t\t\t\t\t\t\t\t\t\t\t\t\t\t\t\t<div class=\"elementor-testimonial-job\">AmbientVisions.com<\/div>\n\t\t\t\t\t\t\t\t\t\t\t\t\t<\/div>\n\t\t\t\t\t\t\t\t\t<\/div>\n\t\t\t<\/div>\n\t\t\t\t\t<\/div>\n\t\t\t\t<\/div>\n\t\t\t\t<\/div>\n\t\t\t\t\t<\/div>\n\t\t<\/div>\n\t\t\t\t\t<\/div>\n\t\t<\/section>\n\t\t\t\t<\/div>","protected":false},"excerpt":{"rendered":"<p>Biographie Bernward Koch begann im Alter von 12 Jahren, Trompete zu spielen. Mit 15 bekam er klassischen Klavierunterricht, lernte gleichzeitig autodidaktisch Schlagzeug, E-Bass und Gitarre und spielte in ersten Bands. Mit Anfang 20 begann er an der Musikhochschule K\u00f6ln zu studieren und belegte gleichzeitig regelm\u00e4\u00dfig mehrere Jazz\/Rock\/Pop Seminare (\u201eJazz-Kurse\u201c) an der Akademie Remscheid, an der [&hellip;]<\/p>","protected":false},"author":1,"featured_media":0,"parent":0,"menu_order":0,"comment_status":"closed","ping_status":"closed","template":"","meta":{"footnotes":""},"aioseo_notices":[],"_links":{"self":[{"href":"http:\/\/www.bernwardkoch.de\/en\/wp-json\/wp\/v2\/pages\/59"}],"collection":[{"href":"http:\/\/www.bernwardkoch.de\/en\/wp-json\/wp\/v2\/pages"}],"about":[{"href":"http:\/\/www.bernwardkoch.de\/en\/wp-json\/wp\/v2\/types\/page"}],"author":[{"embeddable":true,"href":"http:\/\/www.bernwardkoch.de\/en\/wp-json\/wp\/v2\/users\/1"}],"replies":[{"embeddable":true,"href":"http:\/\/www.bernwardkoch.de\/en\/wp-json\/wp\/v2\/comments?post=59"}],"version-history":[{"count":10,"href":"http:\/\/www.bernwardkoch.de\/en\/wp-json\/wp\/v2\/pages\/59\/revisions"}],"predecessor-version":[{"id":526,"href":"http:\/\/www.bernwardkoch.de\/en\/wp-json\/wp\/v2\/pages\/59\/revisions\/526"}],"wp:attachment":[{"href":"http:\/\/www.bernwardkoch.de\/en\/wp-json\/wp\/v2\/media?parent=59"}],"curies":[{"name":"wp","href":"https:\/\/api.w.org\/{rel}","templated":true}]}}